{"id":5,"date":"2023-06-24T13:55:35","date_gmt":"2023-06-24T11:55:35","guid":{"rendered":"https:\/\/interbulletin.noblogs.org\/?page_id=5"},"modified":"2023-10-27T19:43:09","modified_gmt":"2023-10-27T17:43:09","slug":"contact","status":"publish","type":"page","link":"https:\/\/interbulletin.noblogs.org\/?page_id=5","title":{"rendered":"Contact"},"content":{"rendered":"<p>Vous \u00eates en gr\u00e8ve ou pr\u00e9voyez de vous organiser pour lutter sur votre lieu de travail?<\/p>\n<p>Vous souhaitez contribuer, soumettre un article, nous informer d&rsquo;une actualit\u00e9, transmettre le lien vers une caisse de gr\u00e8ve, etc.?<\/p>\n<p>Vous avez des questions?<\/p>\n<p><strong>Vous pouvez nous \u00e9crire \u00e0 interbull[at]proton.me<\/strong><\/p>\n","protected":false},"excerpt":{"rendered":"<p>Vous \u00eates en gr\u00e8ve ou pr\u00e9voyez de vous organiser pour lutter sur votre lieu de travail? Vous souhaitez contribuer, soumettre un article, nous informer d&rsquo;une actualit\u00e9, transmettre le lien vers&hellip; <\/p>\n","protected":false},"author":14481,"featured_media":0,"parent":0,"menu_order":0,"comment_status":"closed","ping_status":"closed","template":"","meta":{"_locale":"","_original_post":"","footnotes":""},"class_list":["post-5","page","type-page","status-publish","hentry","fr-FR"],"_links":{"self":[{"href":"https:\/\/interbulletin.noblogs.org\/index.php?rest_route=\/wp\/v2\/pages\/5","targetHints":{"allow":["GET"]}}],"collection":[{"href":"https:\/\/interbulletin.noblogs.org\/index.php?rest_route=\/wp\/v2\/pages"}],"about":[{"href":"https:\/\/interbulletin.noblogs.org\/index.php?rest_route=\/wp\/v2\/types\/page"}],"author":[{"embeddable":true,"href":"https:\/\/interbulletin.noblogs.org\/index.php?rest_route=\/wp\/v2\/users\/14481"}],"replies":[{"embeddable":true,"href":"https:\/\/interbulletin.noblogs.org\/index.php?rest_route=%2Fwp%2Fv2%2Fcomments&post=5"}],"version-history":[{"count":5,"href":"https:\/\/interbulletin.noblogs.org\/index.php?rest_route=\/wp\/v2\/pages\/5\/revisions"}],"predecessor-version":[{"id":2128,"href":"https:\/\/interbulletin.noblogs.org\/index.php?rest_route=\/wp\/v2\/pages\/5\/revisions\/2128"}],"wp:attachment":[{"href":"https:\/\/interbulletin.noblogs.org\/index.php?rest_route=%2Fwp%2Fv2%2Fmedia&parent=5"}],"curies":[{"name":"wp","href":"https:\/\/api.w.org\/{rel}","templated":true}]}}