{"id":1352,"date":"2023-10-04T16:25:38","date_gmt":"2023-10-04T14:25:38","guid":{"rendered":"https:\/\/interbulletin.noblogs.org\/?page_id=1352"},"modified":"2023-10-04T16:35:55","modified_gmt":"2023-10-04T14:35:55","slug":"ressources","status":"publish","type":"page","link":"https:\/\/interbulletin.noblogs.org\/?page_id=1352","title":{"rendered":"Ressources"},"content":{"rendered":"<p>Nous nous inscrivons dans une certaine continuit\u00e9 de lecture, d&rsquo;analyse et de pratiques qui ont \u00e9merg\u00e9 au cours de l&rsquo;histoire du mouvement ouvrier. Nous ne tenons pas dogmatiquement \u00e0 ces grilles d&rsquo;analyses, c&rsquo;est bien parce qu&rsquo;elles sont toujours aussi pertinentes, et \u00e0 r\u00e9actualiser parfois, que nous les proposons. Il s&rsquo;agit aussi de ne pas nous laisser submerger par l&rsquo;avalanche quotidienne d&rsquo;\u00e9v\u00e9nements et de drames qu&rsquo;est la lutte de classe, et le salariat en g\u00e9n\u00e9ral, pour garder des perspectives d&rsquo;analyses par cycles plus longs, plus g\u00e9n\u00e9raux, et d&rsquo;alimenter nos r\u00e9flexions \u00e0 partir de ce mat\u00e9riau concret.<\/p>\n","protected":false},"excerpt":{"rendered":"<p>Nous nous inscrivons dans une certaine continuit\u00e9 de lecture, d&rsquo;analyse et de pratiques qui ont \u00e9merg\u00e9 au cours de l&rsquo;histoire du mouvement ouvrier. Nous ne tenons pas dogmatiquement \u00e0 ces&hellip; <\/p>\n","protected":false},"author":14481,"featured_media":0,"parent":0,"menu_order":0,"comment_status":"closed","ping_status":"closed","template":"","meta":{"_locale":"","_original_post":"","footnotes":""},"class_list":["post-1352","page","type-page","status-publish","hentry","fr-FR"],"_links":{"self":[{"href":"https:\/\/interbulletin.noblogs.org\/index.php?rest_route=\/wp\/v2\/pages\/1352","targetHints":{"allow":["GET"]}}],"collection":[{"href":"https:\/\/interbulletin.noblogs.org\/index.php?rest_route=\/wp\/v2\/pages"}],"about":[{"href":"https:\/\/interbulletin.noblogs.org\/index.php?rest_route=\/wp\/v2\/types\/page"}],"author":[{"embeddable":true,"href":"https:\/\/interbulletin.noblogs.org\/index.php?rest_route=\/wp\/v2\/users\/14481"}],"replies":[{"embeddable":true,"href":"https:\/\/interbulletin.noblogs.org\/index.php?rest_route=%2Fwp%2Fv2%2Fcomments&post=1352"}],"version-history":[{"count":2,"href":"https:\/\/interbulletin.noblogs.org\/index.php?rest_route=\/wp\/v2\/pages\/1352\/revisions"}],"predecessor-version":[{"id":1359,"href":"https:\/\/interbulletin.noblogs.org\/index.php?rest_route=\/wp\/v2\/pages\/1352\/revisions\/1359"}],"wp:attachment":[{"href":"https:\/\/interbulletin.noblogs.org\/index.php?rest_route=%2Fwp%2Fv2%2Fmedia&parent=1352"}],"curies":[{"name":"wp","href":"https:\/\/api.w.org\/{rel}","templated":true}]}}